{"id":349,"date":"2021-03-21T16:28:15","date_gmt":"2021-03-21T16:28:15","guid":{"rendered":"https:\/\/stoneblock.hr\/?page_id=349"},"modified":"2023-12-03T19:31:26","modified_gmt":"2023-12-03T19:31:26","slug":"about","status":"publish","type":"page","link":"https:\/\/stoneblock.hr\/hr\/about\/","title":{"rendered":"O nama"},"content":{"rendered":"<div data-elementor-type=\"wp-page\" data-elementor-id=\"349\" class=\"elementor elementor-349\" data-elementor-post-type=\"page\">\n\t\t\t\t\t\t\t<div class=\"elementor-element elementor-element-a26b342 e-flex e-con-boxed e-con\" data-id=\"a26b342\" data-element_type=\"container\" data-settings=\"{&quot;background_background&quot;:&quot;classic&quot;,&quot;content_width&quot;:&quot;boxed&quot;}\">\n\t\t\t\t\t<div class=\"e-con-inner\">\n\t\t<div class=\"elementor-element elementor-element-904d660 e-con-full e-flex e-con\" data-id=\"904d660\" data-element_type=\"container\" data-settings=\"{&quot;content_width&quot;:&quot;full&quot;}\">\n\t\t\t\t<div class=\"elementor-element elementor-element-6463e814 elementor-widget__width-initial elementor-widget-tablet__width-inherit elementor-widget elementor-widget-heading\" data-id=\"6463e814\" data-element_type=\"widget\" data-widget_type=\"heading.default\">\n\t\t\t\t<div class=\"elementor-widget-container\">\n\t\t\t<h2 class=\"elementor-heading-title elementor-size-default\">Na\u0161 temelj i ciljevi su otkrivanje, stvaranje i podr\u017eavanje rje\u0161enja temeljenih na blockchain tehnologiji.<\/h2>\t\t<\/div>\n\t\t\t\t<\/div>\n\t\t\t\t<\/div>\n\t\t<div class=\"elementor-element elementor-element-87244c0 e-con-full e-flex e-con\" data-id=\"87244c0\" data-element_type=\"container\" data-settings=\"{&quot;content_width&quot;:&quot;full&quot;}\">\n\t\t\t\t<div class=\"elementor-element elementor-element-1ef72ccd elementor-widget__width-initial elementor-widget elementor-widget-text-editor\" data-id=\"1ef72ccd\" data-element_type=\"widget\" data-widget_type=\"text-editor.default\">\n\t\t\t\t<div class=\"elementor-widget-container\">\n\t\t\t\t\t\t\tPru\u017eiti savjete i edukaciju javnim tijelima u cilju dono\u0161enja boljih i korisnijih propisa. \u017delimo se povezati, informirati, educirati i stvoriti jaku zajednicu inovatora. Ovi se inovatori suo\u010davaju s regulatornim minskim poljima, dok zakonodavci moraju prije\u0107i na slo\u017eena pitanja za\u0161tite potro\u0161a\u010da i sigurnosti te nejasne propise. \u017delimo pobolj\u0161ati okru\u017eenje javne politike kako bi blockchain tehnologije mogle napredovati. Predani smo stvaranju dubokih partnerstava - unutar i izme\u0111u industrije te vlade, kako bismo podijelili znanje, prepoznali mogu\u0107nosti i stvorili digitalnu budu\u0107nost koja \u0107e biti transparentnija, nadahnjuju\u0107a, sigurnija i pravednija.\t\t\t\t\t\t<\/div>\n\t\t\t\t<\/div>\n\t\t\t\t<\/div>\n\t\t\t\t\t<\/div>\n\t\t\t\t<\/div>\n\t\t<div class=\"elementor-element elementor-element-d0f33c7 e-flex e-con-boxed e-con\" data-id=\"d0f33c7\" data-element_type=\"container\" data-settings=\"{&quot;background_background&quot;:&quot;classic&quot;,&quot;content_width&quot;:&quot;boxed&quot;}\">\n\t\t\t\t\t<div class=\"e-con-inner\">\n\t\t<div class=\"elementor-element elementor-element-f423b8d e-con-full e-flex e-con\" data-id=\"f423b8d\" data-element_type=\"container\" data-settings=\"{&quot;content_width&quot;:&quot;full&quot;}\">\n\t\t\t\t<div class=\"elementor-element elementor-element-53e81e6 elementor-flip-box--effect-fade elementor-widget elementor-widget-flip-box\" data-id=\"53e81e6\" data-element_type=\"widget\" data-widget_type=\"flip-box.default\">\n\t\t\t\t<div class=\"elementor-widget-container\">\n\t\t\t\t\t<div class=\"elementor-flip-box\" tabindex=\"0\">\n\t\t\t<div class=\"elementor-flip-box__layer elementor-flip-box__front\">\n\t\t\t\t<div class=\"elementor-flip-box__layer__overlay\">\n\t\t\t\t\t<div class=\"elementor-flip-box__layer__inner\">\n\t\t\t\t\t\t\n\t\t\t\t\t\t\t\t\t\t\t\t\t<h3 class=\"elementor-flip-box__layer__title\">\n\t\t\t\t\t\t\t\tStipe Pleji\u0107\t\t\t\t\t\t\t<\/h3>\n\t\t\t\t\t\t\n\t\t\t\t\t\t\t\t\t\t\t\t\t<div class=\"elementor-flip-box__layer__description\">\n\t\t\t\t\t\t\t\tPredsjednik StoneBlock. Endemski izvr\u0161ni direktor. Makroekonomist. Blockchain entuzijast.\t\t\t\t\t\t\t<\/div>\n\t\t\t\t\t\t\t\t\t\t\t<\/div>\n\t\t\t\t<\/div>\n\t\t\t<\/div>\n\t\t\t<div class=\"elementor-flip-box__layer elementor-flip-box__back\">\n\t\t\t<div class=\"elementor-flip-box__layer__overlay\">\n\t\t\t\t<div class=\"elementor-flip-box__layer__inner\">\n\t\t\t\t\t\n\t\t\t\t\t\n\t\t\t\t\t\t\t\t<\/div>\n\t\t<\/div>\n\t\t<\/div>\n\t\t<\/div>\n\t\t\t\t<\/div>\n\t\t\t\t<\/div>\n\t\t\t\t<\/div>\n\t\t<div class=\"elementor-element elementor-element-3040af5 e-con-full e-flex e-con\" data-id=\"3040af5\" data-element_type=\"container\" data-settings=\"{&quot;content_width&quot;:&quot;full&quot;}\">\n\t\t\t\t<div class=\"elementor-element elementor-element-cf5c295 elementor-flip-box--effect-fade elementor-widget elementor-widget-flip-box\" data-id=\"cf5c295\" data-element_type=\"widget\" data-widget_type=\"flip-box.default\">\n\t\t\t\t<div class=\"elementor-widget-container\">\n\t\t\t\t\t<div class=\"elementor-flip-box\" tabindex=\"0\">\n\t\t\t<div class=\"elementor-flip-box__layer elementor-flip-box__front\">\n\t\t\t\t<div class=\"elementor-flip-box__layer__overlay\">\n\t\t\t\t\t<div class=\"elementor-flip-box__layer__inner\">\n\t\t\t\t\t\t\n\t\t\t\t\t\t\t\t\t\t\t\t\t<h3 class=\"elementor-flip-box__layer__title\">\n\t\t\t\t\t\t\t\tMilan Ma\u0161anovi\u0107\t\t\t\t\t\t\t<\/h3>\n\t\t\t\t\t\t\n\t\t\t\t\t\t\t\t\t\t\t\t\t<div class=\"elementor-flip-box__layer__description\">\n\t\t\t\t\t\t\t\tEndemski COO. Tehni\u010dka analiza, dugoro\u010dni investitor u kriptovalute i serijski poduzetnik.\n\n\t\t\t\t\t\t\t<\/div>\n\t\t\t\t\t\t\t\t\t\t\t<\/div>\n\t\t\t\t<\/div>\n\t\t\t<\/div>\n\t\t\t<div class=\"elementor-flip-box__layer elementor-flip-box__back\">\n\t\t\t<div class=\"elementor-flip-box__layer__overlay\">\n\t\t\t\t<div class=\"elementor-flip-box__layer__inner\">\n\t\t\t\t\t\n\t\t\t\t\t\n\t\t\t\t\t\t\t\t<\/div>\n\t\t<\/div>\n\t\t<\/div>\n\t\t<\/div>\n\t\t\t\t<\/div>\n\t\t\t\t<\/div>\n\t\t\t\t<\/div>\n\t\t<div class=\"elementor-element elementor-element-205309a e-con-full e-flex e-con\" data-id=\"205309a\" data-element_type=\"container\" data-settings=\"{&quot;content_width&quot;:&quot;full&quot;}\">\n\t\t\t\t<div class=\"elementor-element elementor-element-523d49a elementor-flip-box--effect-fade elementor-widget elementor-widget-flip-box\" data-id=\"523d49a\" data-element_type=\"widget\" data-widget_type=\"flip-box.default\">\n\t\t\t\t<div class=\"elementor-widget-container\">\n\t\t\t\t\t<div class=\"elementor-flip-box\" tabindex=\"0\">\n\t\t\t<div class=\"elementor-flip-box__layer elementor-flip-box__front\">\n\t\t\t\t<div class=\"elementor-flip-box__layer__overlay\">\n\t\t\t\t\t<div class=\"elementor-flip-box__layer__inner\">\n\t\t\t\t\t\t\n\t\t\t\t\t\t\t\t\t\t\t\t\t<h3 class=\"elementor-flip-box__layer__title\">\n\t\t\t\t\t\t\t\tDenis Kulu\u0161i\u0107\t\t\t\t\t\t\t<\/h3>\n\t\t\t\t\t\t\n\t\t\t\t\t\t\t\t\t\t\t\t\t<div class=\"elementor-flip-box__layer__description\">\n\t\t\t\t\t\t\t\tIT pravnik, NFT kolekcionar, poduzetnik.\t\t\t\t\t\t\t<\/div>\n\t\t\t\t\t\t\t\t\t\t\t<\/div>\n\t\t\t\t<\/div>\n\t\t\t<\/div>\n\t\t\t<div class=\"elementor-flip-box__layer elementor-flip-box__back\">\n\t\t\t<div class=\"elementor-flip-box__layer__overlay\">\n\t\t\t\t<div class=\"elementor-flip-box__layer__inner\">\n\t\t\t\t\t\n\t\t\t\t\t\n\t\t\t\t\t\t\t\t<\/div>\n\t\t<\/div>\n\t\t<\/div>\n\t\t<\/div>\n\t\t\t\t<\/div>\n\t\t\t\t<\/div>\n\t\t\t\t<\/div>\n\t\t<div class=\"elementor-element elementor-element-d5bb0c0 e-con-full e-flex e-con\" data-id=\"d5bb0c0\" data-element_type=\"container\" data-settings=\"{&quot;content_width&quot;:&quot;full&quot;}\">\n\t\t\t\t<div class=\"elementor-element elementor-element-4265519 elementor-flip-box--effect-fade elementor-widget elementor-widget-flip-box\" data-id=\"4265519\" data-element_type=\"widget\" data-widget_type=\"flip-box.default\">\n\t\t\t\t<div class=\"elementor-widget-container\">\n\t\t\t\t\t<div class=\"elementor-flip-box\" tabindex=\"0\">\n\t\t\t<div class=\"elementor-flip-box__layer elementor-flip-box__front\">\n\t\t\t\t<div class=\"elementor-flip-box__layer__overlay\">\n\t\t\t\t\t<div class=\"elementor-flip-box__layer__inner\">\n\t\t\t\t\t\t\n\t\t\t\t\t\t\t\t\t\t\t\t\t<h3 class=\"elementor-flip-box__layer__title\">\n\t\t\t\t\t\t\t\tIvan \u010cizmi\u0107\t\t\t\t\t\t\t<\/h3>\n\t\t\t\t\t\t\n\t\t\t\t\t\t\t\t\t\t\t\t\t<div class=\"elementor-flip-box__layer__description\">\n\t\t\t\t\t\t\t\tOdvjetnik, stru\u010dnjak za korporativno i informati\u010dko pravo.\t\t\t\t\t\t\t<\/div>\n\t\t\t\t\t\t\t\t\t\t\t<\/div>\n\t\t\t\t<\/div>\n\t\t\t<\/div>\n\t\t\t<div class=\"elementor-flip-box__layer elementor-flip-box__back\">\n\t\t\t<div class=\"elementor-flip-box__layer__overlay\">\n\t\t\t\t<div class=\"elementor-flip-box__layer__inner\">\n\t\t\t\t\t\n\t\t\t\t\t\n\t\t\t\t\t\t\t\t<\/div>\n\t\t<\/div>\n\t\t<\/div>\n\t\t<\/div>\n\t\t\t\t<\/div>\n\t\t\t\t<\/div>\n\t\t\t\t<\/div>\n\t\t\t\t\t<\/div>\n\t\t\t\t<\/div>\n\t\t<div class=\"elementor-element elementor-element-ffe0a72 e-flex e-con-boxed e-con\" data-id=\"ffe0a72\" data-element_type=\"container\" data-settings=\"{&quot;background_background&quot;:&quot;classic&quot;,&quot;content_width&quot;:&quot;boxed&quot;}\">\n\t\t\t\t\t<div class=\"e-con-inner\">\n\t\t<div class=\"elementor-element elementor-element-1d5b8d8 e-con-full e-flex e-con\" data-id=\"1d5b8d8\" data-element_type=\"container\" data-settings=\"{&quot;content_width&quot;:&quot;full&quot;}\">\n\t\t\t\t<div class=\"elementor-element elementor-element-969d47d elementor-widget__width-initial elementor-widget-tablet__width-inherit elementor-widget elementor-widget-heading\" data-id=\"969d47d\" data-element_type=\"widget\" data-widget_type=\"heading.default\">\n\t\t\t\t<div class=\"elementor-widget-container\">\n\t\t\t<h2 class=\"elementor-heading-title elementor-size-default\">Dijelimo, educiramo i podr\u017eavamo;<\/h2>\t\t<\/div>\n\t\t\t\t<\/div>\n\t\t\t\t<\/div>\n\t\t<div class=\"elementor-element elementor-element-021e711 e-con-full e-flex e-con\" data-id=\"021e711\" data-element_type=\"container\" data-settings=\"{&quot;content_width&quot;:&quot;full&quot;}\">\n\t\t\t\t<div class=\"elementor-element elementor-element-eeba9a5 elementor-widget__width-initial elementor-widget elementor-widget-text-editor\" data-id=\"eeba9a5\" data-element_type=\"widget\" data-widget_type=\"text-editor.default\">\n\t\t\t\t<div class=\"elementor-widget-container\">\n\t\t\t\t\t\t\tPojedince, tvrtke, institucije, startupi, javna tijela i \u0161ira javnost o potencijalu najve\u0107e tehnolo\u0161ke evolucije u povijesti. Mi smo zagovornici; regulatorne jasno\u0107e kako bi se Hrvatska mogla natjecati na tr\u017ei\u0161tu blockchain inovacija. Mi<span class=\"colored-text\"> Koordiniramo;<\/span> s industrijom, projektima, javnim i privatnim skupinama kako bi naglasili va\u017enost utjecaja blockchaina na dru\u0161tvo. Stone Block radi na \u0161irenju znanja i osna\u017eivanju javnog i privatnog sektora da koriste blockchain tehnologiju u korist dru\u0161tva u cjelini.\t\t\t\t\t\t<\/div>\n\t\t\t\t<\/div>\n\t\t\t\t<\/div>\n\t\t<div class=\"elementor-element elementor-element-2ec969b e-con-full e-flex e-con\" data-id=\"2ec969b\" data-element_type=\"container\" data-settings=\"{&quot;content_width&quot;:&quot;full&quot;}\">\n\t\t\t\t<div class=\"elementor-element elementor-element-f6567bf elementor-widget__width-initial elementor-widget-tablet__width-inherit elementor-widget elementor-widget-heading\" data-id=\"f6567bf\" data-element_type=\"widget\" data-widget_type=\"heading.default\">\n\t\t\t\t<div class=\"elementor-widget-container\">\n\t\t\t<h2 class=\"elementor-heading-title elementor-size-default\">Koordiniramo;<\/h2>\t\t<\/div>\n\t\t\t\t<\/div>\n\t\t\t\t<\/div>\n\t\t<div class=\"elementor-element elementor-element-dbcb5c7 e-con-full e-flex e-con\" data-id=\"dbcb5c7\" data-element_type=\"container\" data-settings=\"{&quot;content_width&quot;:&quot;full&quot;}\">\n\t\t\t\t<div class=\"elementor-element elementor-element-f07e75c elementor-widget__width-initial elementor-widget elementor-widget-text-editor\" data-id=\"f07e75c\" data-element_type=\"widget\" data-widget_type=\"text-editor.default\">\n\t\t\t\t<div class=\"elementor-widget-container\">\n\t\t\t\t\t\t\tS industrijom, projektima, javno\u0161\u0107u i uskla\u0111enim grupama kako bismo istaknuli va\u017enost utjecaja na dru\u0161tvo. Stone Block radi na \u0161irenju znanja i osna\u017eivanju javnog i privatnog sektora da koriste tehnologiju blockchaina u korist dru\u0161tva u cjelini.\t\t\t\t\t\t<\/div>\n\t\t\t\t<\/div>\n\t\t\t\t<\/div>\n\t\t\t\t\t<\/div>\n\t\t\t\t<\/div>\n\t\t<div class=\"elementor-element elementor-element-4b16578 e-flex e-con-boxed e-con\" data-id=\"4b16578\" data-element_type=\"container\" data-settings=\"{&quot;background_background&quot;:&quot;classic&quot;,&quot;content_width&quot;:&quot;boxed&quot;}\">\n\t\t\t\t\t<div class=\"e-con-inner\">\n\t\t<div class=\"elementor-element elementor-element-e315add e-con-full e-flex e-con\" data-id=\"e315add\" data-element_type=\"container\" data-settings=\"{&quot;content_width&quot;:&quot;full&quot;}\">\n\t\t<div class=\"elementor-element elementor-element-dcdac95 e-con-full e-flex e-con\" data-id=\"dcdac95\" data-element_type=\"container\" data-settings=\"{&quot;content_width&quot;:&quot;full&quot;}\">\n\t\t<div class=\"elementor-element elementor-element-edaeebd e-con-full e-flex e-con\" data-id=\"edaeebd\" data-element_type=\"container\" data-settings=\"{&quot;content_width&quot;:&quot;full&quot;}\">\n\t\t\t\t<div class=\"elementor-element elementor-element-93a92f1 elementor-widget elementor-widget-text-editor\" data-id=\"93a92f1\" data-element_type=\"widget\" data-widget_type=\"text-editor.default\">\n\t\t\t\t<div class=\"elementor-widget-container translation-block\">Stone Block ima viziju biti <span class=\"colored-text\">temelj blockchain zajednice na kojoj \u0107emo zajedni\u010dki graditi popis inovacija.<\/span> \u017delimo biti temeljna poticajna podr\u0161ka za daljnji razvoj tehnologije i mre\u017ee inovatora. Naziv \"Stone Block\" - potje\u010de od rije\u010di \"stijena\" kao primjer \u010dvrstog temelja i rije\u010di \"blok\" koja sadr\u017ei popis transakcija (informacija) na blockchainu. Mi kao Stone Block imamo <span class=\"colored-text\">viziju<\/span> biti <span class=\"colored-text\">temelj blockchain zajednice na kojoj \u0107emo zajedni\u010dki graditi popis inovacija.<\/span> \u017delimo biti temeljna poticajna podr\u0161ka za daljnji razvoj tehnologije i mre\u017ee inovatora.<\/div>\n\t\t\t\t<\/div>\n\t\t\t\t<\/div>\n\t\t\t\t<\/div>\n\t\t\t\t<\/div>\n\t\t\t\t\t<\/div>\n\t\t\t\t<\/div>\n\t\t\t\t\t\t\t<\/div>","protected":false},"excerpt":{"rendered":"<p>Our cornerstone and goals are to discover, create and support blockchain solutions. Provide advice and education to public bodies in order to make better and more useful regulations. We want to connect, inform, educate and create a strong community of innovators. These innovators face regulatory minefields, while legislators have to move on to complex consumer [&hellip;]<\/p>","protected":false},"author":1,"featured_media":0,"parent":0,"menu_order":0,"comment_status":"closed","ping_status":"closed","template":"","meta":{"footnotes":""},"class_list":["post-349","page","type-page","status-publish","hentry"],"_links":{"self":[{"href":"https:\/\/stoneblock.hr\/hr\/wp-json\/wp\/v2\/pages\/349","targetHints":{"allow":["GET"]}}],"collection":[{"href":"https:\/\/stoneblock.hr\/hr\/wp-json\/wp\/v2\/pages"}],"about":[{"href":"https:\/\/stoneblock.hr\/hr\/wp-json\/wp\/v2\/types\/page"}],"author":[{"embeddable":true,"href":"https:\/\/stoneblock.hr\/hr\/wp-json\/wp\/v2\/users\/1"}],"replies":[{"embeddable":true,"href":"https:\/\/stoneblock.hr\/hr\/wp-json\/wp\/v2\/comments?post=349"}],"version-history":[{"count":322,"href":"https:\/\/stoneblock.hr\/hr\/wp-json\/wp\/v2\/pages\/349\/revisions"}],"predecessor-version":[{"id":3601,"href":"https:\/\/stoneblock.hr\/hr\/wp-json\/wp\/v2\/pages\/349\/revisions\/3601"}],"wp:attachment":[{"href":"https:\/\/stoneblock.hr\/hr\/wp-json\/wp\/v2\/media?parent=349"}],"curies":[{"name":"wp","href":"https:\/\/api.w.org\/{rel}","templated":true}]}}