{"id":9,"date":"2021-02-16T13:46:29","date_gmt":"2021-02-16T13:46:29","guid":{"rendered":"https:\/\/stoneblock.hr\/?page_id=9"},"modified":"2023-08-18T15:15:37","modified_gmt":"2023-08-18T15:15:37","slug":"join-us","status":"publish","type":"page","link":"https:\/\/stoneblock.hr\/hr\/join-us\/","title":{"rendered":"Pridru\u017ei nam se"},"content":{"rendered":"<div data-elementor-type=\"wp-page\" data-elementor-id=\"9\" class=\"elementor elementor-9\" data-elementor-post-type=\"page\">\n\t\t\t\t\t\t\t<div class=\"elementor-element elementor-element-706ad7c e-flex e-con-boxed e-con\" data-id=\"706ad7c\" data-element_type=\"container\" data-settings=\"{&quot;background_background&quot;:&quot;classic&quot;,&quot;content_width&quot;:&quot;boxed&quot;}\">\n\t\t\t\t\t<div class=\"e-con-inner\">\n\t\t<div class=\"elementor-element elementor-element-35c13ba e-con-full e-flex e-con\" data-id=\"35c13ba\" data-element_type=\"container\" data-settings=\"{&quot;animation&quot;:&quot;none&quot;,&quot;content_width&quot;:&quot;full&quot;}\">\n\t\t\t\t<div class=\"elementor-element elementor-element-6e9167d elementor-widget elementor-widget-text-editor\" data-id=\"6e9167d\" data-element_type=\"widget\" data-settings=\"{&quot;_animation&quot;:&quot;none&quot;}\" data-widget_type=\"text-editor.default\">\n\t\t\t\t<div class=\"elementor-widget-container\">\n\t\t\t\t\t\t\t<p>Pridru\u017ei se<\/p>\t\t\t\t\t\t<\/div>\n\t\t\t\t<\/div>\n\t\t\t\t<div class=\"elementor-element elementor-element-9ad1b4c elementor-invisible elementor-widget elementor-widget-text-editor\" data-id=\"9ad1b4c\" data-element_type=\"widget\" data-settings=\"{&quot;_animation&quot;:&quot;fadeInUp&quot;}\" data-widget_type=\"text-editor.default\">\n\t\t\t\t<div class=\"elementor-widget-container\">\n\t\t\t\t\t\t\t<p>Ispunite sljede\u0107i obrazac kako bismo vas mogli upisati kao punopravnog \u010dlana na\u0161e udruge sa svim prednostima zajednice. Nakon toga mo\u017eete o\u010dekivati na\u0161u e-po\u0161tu s daljnjim koracima.<\/p>\t\t\t\t\t\t<\/div>\n\t\t\t\t<\/div>\n\t\t\t\t<div class=\"elementor-element elementor-element-bac48ac elementor-button-align-center elementor-widget elementor-widget-form\" data-id=\"bac48ac\" data-element_type=\"widget\" data-settings=\"{&quot;step_next_label&quot;:&quot;Next&quot;,&quot;step_previous_label&quot;:&quot;Previous&quot;,&quot;step_type&quot;:&quot;number_text&quot;,&quot;step_icon_shape&quot;:&quot;circle&quot;}\" data-widget_type=\"form.default\">\n\t\t\t\t<div class=\"elementor-widget-container\">\n\t\t\t\t\t<form class=\"elementor-form\" method=\"post\" name=\"JoinUs Form\" action=\"\">\n\t\t\t<input type=\"hidden\" name=\"post_id\" value=\"9\"\/>\n\t\t\t<input type=\"hidden\" name=\"form_id\" value=\"bac48ac\"\/>\n\t\t\t<input type=\"hidden\" name=\"referer_title\" value=\"\" \/>\n\n\t\t\t\n\t\t\t<div class=\"elementor-form-fields-wrapper elementor-labels-above\">\n\t\t\t\t\t\t\t\t<div class=\"elementor-field-type-text elementor-field-group elementor-column elementor-field-group-name elementor-col-100\">\n\t\t\t\t\t\t\t\t\t\t\t\t\t<input size=\"1\" type=\"text\" name=\"form_fields[name]\" id=\"form-field-name\" class=\"elementor-field elementor-size-sm  elementor-field-textual\" placeholder=\"Va\u0161e ime i prezime\">\n\t\t\t\t\t\t\t\t\t\t\t<\/div>\n\t\t\t\t\t\t\t\t<div class=\"elementor-field-type-email elementor-field-group elementor-column elementor-field-group-email elementor-col-100 elementor-field-required\">\n\t\t\t\t\t\t\t\t\t\t\t\t\t<input size=\"1\" type=\"email\" name=\"form_fields[email]\" id=\"form-field-email\" class=\"elementor-field elementor-size-sm  elementor-field-textual\" placeholder=\"Va\u0161a email adresa\" required=\"required\" aria-required=\"true\">\n\t\t\t\t\t\t\t\t\t\t\t<\/div>\n\t\t\t\t\t\t\t\t<div class=\"elementor-field-type-checkbox elementor-field-group elementor-column elementor-field-group-field_704ae8f elementor-col-50\">\n\t\t\t\t\t\t\t\t\t\t\t\t<label for=\"form-field-field_704ae8f\" class=\"elementor-field-label\">\n\t\t\t\t\t\t\t\tTi si: \t\t\t\t\t\t\t<\/label>\n\t\t\t\t\t\t<div class=\"elementor-field-subgroup\"><span class=\"elementor-field-option\"><input type=\"checkbox\" value=\"Individual \" id=\"form-field-field_704ae8f-0\" name=\"form_fields[field_704ae8f][]\"> <label for=\"form-field-field_704ae8f-0\">Pojedinac <\/label><\/span><span class=\"elementor-field-option\"><input type=\"checkbox\" value=\"Companies and institutions \" id=\"form-field-field_704ae8f-1\" name=\"form_fields[field_704ae8f][]\"> <label for=\"form-field-field_704ae8f-1\">Tvrtke i institucije <\/label><\/span><span class=\"elementor-field-option\"><input type=\"checkbox\" value=\"Partners\" id=\"form-field-field_704ae8f-2\" name=\"form_fields[field_704ae8f][]\"> <label for=\"form-field-field_704ae8f-2\">Partneri<\/label><\/span><\/div>\t\t\t\t<\/div>\n\t\t\t\t\t\t\t\t<div class=\"elementor-field-type-date elementor-field-group elementor-column elementor-field-group-message elementor-col-100\">\n\t\t\t\t\t\n\t\t<input type=\"date\" name=\"form_fields[message]\" id=\"form-field-message\" class=\"elementor-field elementor-size-sm  elementor-field-textual elementor-date-field\" placeholder=\"Va\u0161 datum ro\u0111enja\" pattern=\"[0-9]{4}-[0-9]{2}-[0-9]{2}\">\n\t\t\t\t\t\t<\/div>\n\t\t\t\t\t\t\t\t<div class=\"elementor-field-type-number elementor-field-group elementor-column elementor-field-group-field_84252a9 elementor-col-100\">\n\t\t\t\t\t\t\t\t<input type=\"number\" name=\"form_fields[field_84252a9]\" id=\"form-field-field_84252a9\" class=\"elementor-field elementor-size-sm  elementor-field-textual\" placeholder=\"Va\u0161 osobni identifikacijski broj\" min=\"\" max=\"\" >\n\t\t\t\t\t\t<\/div>\n\t\t\t\t\t\t\t\t<div class=\"elementor-field-type-acceptance elementor-field-group elementor-column elementor-field-group-field_b8e881e elementor-col-100\">\n\t\t\t\t\t\t\t<div class=\"elementor-field-subgroup\">\n\t\t\t<span class=\"elementor-field-option\">\n\t\t\t\t<input type=\"checkbox\" name=\"form_fields[field_b8e881e]\" id=\"form-field-field_b8e881e\" class=\"elementor-field elementor-size-sm  elementor-acceptance-field\">\n\t\t\t\t<label for=\"form-field-field_b8e881e\">Klikom na ovu opciju pristajete na uvjete registracije. <\/p>\n<p class=\"smaller-text\">Va\u0161a privatnost nam je va\u017ena! Sa svim se va\u0161im podacima postupa u skladu s pravilima o privatnosti. Va\u0161i osobni podaci kori\u0161teni su isklju\u010divo u svrhu registracije i ne\u0107e se koristiti u bilo koje druge svrhe.<\/p><\/label>\t\t\t<\/span>\n\t\t<\/div>\n\t\t\t\t\t\t<\/div>\n\t\t\t\t\t\t\t\t<div class=\"elementor-field-group elementor-column elementor-field-type-submit elementor-col-100 e-form__buttons\">\n\t\t\t\t\t<button type=\"submit\" class=\"elementor-button elementor-size-sm\">\n\t\t\t\t\t\t<span >\n\t\t\t\t\t\t\t\t\t\t\t\t\t\t\t<span class=\"elementor-button-icon\">\n\t\t\t\t\t\t\t\t\t\t\t\t\t\t\t\t\t\t\t\t\t\t\t\t\t\t<\/span>\n\t\t\t\t\t\t\t\t\t\t\t\t\t\t\t\t\t\t\t\t\t\t<span class=\"elementor-button-text\">Po\u0161alji<\/span>\n\t\t\t\t\t\t\t\t\t\t\t\t\t<\/span>\n\t\t\t\t\t<\/button>\n\t\t\t\t<\/div>\n\t\t\t<\/div>\n\t\t<input type=\"hidden\" name=\"trp-form-language\" value=\"hr\"\/><\/form>\n\t\t\t\t<\/div>\n\t\t\t\t<\/div>\n\t\t\t\t<\/div>\n\t\t\t\t\t<\/div>\n\t\t\t\t<\/div>\n\t\t\t\t\t\t\t<\/div>","protected":false},"excerpt":{"rendered":"<p>Join us Fill out the following form so we can enroll you as a full member of our association with all the benefits of the community. Afterward, you can expect our e-mail with the further steps.<\/p>","protected":false},"author":1,"featured_media":0,"parent":0,"menu_order":0,"comment_status":"closed","ping_status":"closed","template":"","meta":{"footnotes":""},"class_list":["post-9","page","type-page","status-publish","hentry"],"_links":{"self":[{"href":"https:\/\/stoneblock.hr\/hr\/wp-json\/wp\/v2\/pages\/9","targetHints":{"allow":["GET"]}}],"collection":[{"href":"https:\/\/stoneblock.hr\/hr\/wp-json\/wp\/v2\/pages"}],"about":[{"href":"https:\/\/stoneblock.hr\/hr\/wp-json\/wp\/v2\/types\/page"}],"author":[{"embeddable":true,"href":"https:\/\/stoneblock.hr\/hr\/wp-json\/wp\/v2\/users\/1"}],"replies":[{"embeddable":true,"href":"https:\/\/stoneblock.hr\/hr\/wp-json\/wp\/v2\/comments?post=9"}],"version-history":[{"count":222,"href":"https:\/\/stoneblock.hr\/hr\/wp-json\/wp\/v2\/pages\/9\/revisions"}],"predecessor-version":[{"id":3234,"href":"https:\/\/stoneblock.hr\/hr\/wp-json\/wp\/v2\/pages\/9\/revisions\/3234"}],"wp:attachment":[{"href":"https:\/\/stoneblock.hr\/hr\/wp-json\/wp\/v2\/media?parent=9"}],"curies":[{"name":"wp","href":"https:\/\/api.w.org\/{rel}","templated":true}]}}